{"id":5800,"date":"2020-07-01T05:33:36","date_gmt":"2020-07-01T05:33:36","guid":{"rendered":"https:\/\/otakujoy.com\/es\/frequently-asked-questions\/"},"modified":"2020-07-09T07:16:32","modified_gmt":"2020-07-09T07:16:32","slug":"frequently-asked-questions","status":"publish","type":"page","link":"https:\/\/otakujoy.com\/es\/frequently-asked-questions\/","title":{"rendered":"Preguntas m\u00e1s frecuentes"},"content":{"rendered":"<h3>\u00bfC\u00f3mo buscar productos?<\/h3>\n<p>Busque productos ingresando el nombre del producto o la palabra clave en <em>Barra de b\u00fasqueda<\/em> en la parte superior de cualquier p\u00e1gina. Intenta ingresar una descripci\u00f3n general. Cuantas m\u00e1s palabras clave use, menos productos obtendr\u00e1 en la p\u00e1gina de resultados. Cuando encuentre un producto que le interese, simplemente haga clic en el nombre del producto o en la imagen del producto para obtener m\u00e1s detalles.<\/p>\n<h3>\u00bfC\u00f3mo se calculan los costos de env\u00edo?<\/h3>\n<p>Los costos de env\u00edo se calculan seg\u00fan el m\u00e9todo de env\u00edo (a\u00e9reo, mar\u00edtimo o terrestre) y el peso \/ volumen del producto. Las diferentes compa\u00f1\u00edas de env\u00edo tienen diferentes tarifas, por lo que es mejor verificar y comparar cu\u00e1l es el m\u00e1s asequible y econ\u00f3mico. Para obtener m\u00e1s detalles sobre c\u00f3mo se calculan los costos de env\u00edo, por favor <a href=\"https:\/\/otakujoy.com\/es\/contact-us\">Cont\u00e1ctenos<\/a> directamente.<\/p>\n<h3>\u00bfQu\u00e9 es la protecci\u00f3n del comprador?<\/h3>\n<p>La Protecci\u00f3n del comprador es un conjunto de garant\u00edas que permite a los compradores comprar con confianza en nuestro sitio web.<\/p>\n<p>Est\u00e1 protegido cuando:<\/p>\n<ul>\n<li>El art\u00edculo que orden\u00f3 no lleg\u00f3 dentro del tiempo prometido por el vendedor.<\/li>\n<li>El art\u00edculo que recibi\u00f3 no estaba seg\u00fan lo descrito.<\/li>\n<li>El art\u00edculo que recibi\u00f3 que se asegur\u00f3 que era genuino era falso.<\/li>\n<\/ul>\n","protected":false},"excerpt":{"rendered":"<p>\u00bfC\u00f3mo buscar productos? Busque productos ingresando el nombre del producto o la palabra clave en Barra de b\u00fasqueda en la parte superior de cualquier p\u00e1gina. Intenta ingresar una descripci\u00f3n general. Cuantas m\u00e1s palabras clave use, menos productos obtendr\u00e1 en la p\u00e1gina de resultados. Cuando encuentre un producto que le interese,&#8230;<\/p>\n","protected":false},"author":1,"featured_media":0,"parent":0,"menu_order":0,"comment_status":"closed","ping_status":"closed","template":"","meta":[],"yoast_head":"<!-- This site is optimized with the Yoast SEO plugin v18.4.1 - https:\/\/yoast.com\/wordpress\/plugins\/seo\/ -->\n<title>Preguntas m\u00e1s frecuentes - Otaku Joy Espa\u00f1a<\/title>\n<meta name=\"robots\" content=\"index, follow, max-snippet:-1, max-image-preview:large, max-video-preview:-1\" \/>\n<link rel=\"canonical\" href=\"https:\/\/otakujoy.com\/es\/frequently-asked-questions\/\" \/>\n<meta property=\"og:locale\" content=\"es_ES\" \/>\n<meta property=\"og:type\" content=\"article\" \/>\n<meta property=\"og:title\" content=\"Preguntas m\u00e1s frecuentes - Otaku Joy Espa\u00f1a\" \/>\n<meta property=\"og:description\" content=\"\u00bfC\u00f3mo buscar productos? Busque productos ingresando el nombre del producto o la palabra clave en Barra de b\u00fasqueda en la parte superior de cualquier p\u00e1gina. Intenta ingresar una descripci\u00f3n general. Cuantas m\u00e1s palabras clave use, menos productos obtendr\u00e1 en la p\u00e1gina de resultados. Cuando encuentre un producto que le interese,...\" \/>\n<meta property=\"og:url\" content=\"https:\/\/otakujoy.com\/es\/frequently-asked-questions\/\" \/>\n<meta property=\"og:site_name\" content=\"Otaku Joy Espa\u00f1a\" \/>\n<meta property=\"article:modified_time\" content=\"2020-07-09T07:16:32+00:00\" \/>\n<meta name=\"twitter:card\" content=\"summary_large_image\" \/>\n<meta name=\"twitter:label1\" content=\"Tiempo de lectura\" \/>\n\t<meta name=\"twitter:data1\" content=\"1 minuto\" \/>\n<script type=\"application\/ld+json\" class=\"yoast-schema-graph\">{\"@context\":\"https:\/\/schema.org\",\"@graph\":[{\"@type\":\"WebSite\",\"@id\":\"https:\/\/otakujoy.com\/es\/#website\",\"url\":\"https:\/\/otakujoy.com\/es\/\",\"name\":\"Otaku Joy Espa\u00f1a\",\"description\":\"\",\"potentialAction\":[{\"@type\":\"SearchAction\",\"target\":{\"@type\":\"EntryPoint\",\"urlTemplate\":\"https:\/\/otakujoy.com\/es\/?s={search_term_string}\"},\"query-input\":\"required name=search_term_string\"}],\"inLanguage\":\"es\"},{\"@type\":\"WebPage\",\"@id\":\"https:\/\/otakujoy.com\/es\/frequently-asked-questions\/#webpage\",\"url\":\"https:\/\/otakujoy.com\/es\/frequently-asked-questions\/\",\"name\":\"Preguntas m\u00e1s frecuentes - Otaku Joy Espa\u00f1a\",\"isPartOf\":{\"@id\":\"https:\/\/otakujoy.com\/es\/#website\"},\"datePublished\":\"2020-07-01T05:33:36+00:00\",\"dateModified\":\"2020-07-09T07:16:32+00:00\",\"breadcrumb\":{\"@id\":\"https:\/\/otakujoy.com\/es\/frequently-asked-questions\/#breadcrumb\"},\"inLanguage\":\"es\",\"potentialAction\":[{\"@type\":\"ReadAction\",\"target\":[\"https:\/\/otakujoy.com\/es\/frequently-asked-questions\/\"]}]},{\"@type\":\"BreadcrumbList\",\"@id\":\"https:\/\/otakujoy.com\/es\/frequently-asked-questions\/#breadcrumb\",\"itemListElement\":[{\"@type\":\"ListItem\",\"position\":1,\"name\":\"Startseite\",\"item\":\"https:\/\/otakujoy.com\/es\/\"},{\"@type\":\"ListItem\",\"position\":2,\"name\":\"Preguntas m\u00e1s frecuentes\"}]}]}<\/script>\n<!-- \/ Yoast SEO plugin. -->","yoast_head_json":{"title":"Preguntas m\u00e1s frecuentes - Otaku Joy Espa\u00f1a","robots":{"index":"index","follow":"follow","max-snippet":"max-snippet:-1","max-image-preview":"max-image-preview:large","max-video-preview":"max-video-preview:-1"},"canonical":"https:\/\/otakujoy.com\/es\/frequently-asked-questions\/","og_locale":"es_ES","og_type":"article","og_title":"Preguntas m\u00e1s frecuentes - Otaku Joy Espa\u00f1a","og_description":"\u00bfC\u00f3mo buscar productos? Busque productos ingresando el nombre del producto o la palabra clave en Barra de b\u00fasqueda en la parte superior de cualquier p\u00e1gina. Intenta ingresar una descripci\u00f3n general. Cuantas m\u00e1s palabras clave use, menos productos obtendr\u00e1 en la p\u00e1gina de resultados. Cuando encuentre un producto que le interese,...","og_url":"https:\/\/otakujoy.com\/es\/frequently-asked-questions\/","og_site_name":"Otaku Joy Espa\u00f1a","article_modified_time":"2020-07-09T07:16:32+00:00","twitter_card":"summary_large_image","twitter_misc":{"Tiempo de lectura":"1 minuto"},"schema":{"@context":"https:\/\/schema.org","@graph":[{"@type":"WebSite","@id":"https:\/\/otakujoy.com\/es\/#website","url":"https:\/\/otakujoy.com\/es\/","name":"Otaku Joy Espa\u00f1a","description":"","potentialAction":[{"@type":"SearchAction","target":{"@type":"EntryPoint","urlTemplate":"https:\/\/otakujoy.com\/es\/?s={search_term_string}"},"query-input":"required name=search_term_string"}],"inLanguage":"es"},{"@type":"WebPage","@id":"https:\/\/otakujoy.com\/es\/frequently-asked-questions\/#webpage","url":"https:\/\/otakujoy.com\/es\/frequently-asked-questions\/","name":"Preguntas m\u00e1s frecuentes - Otaku Joy Espa\u00f1a","isPartOf":{"@id":"https:\/\/otakujoy.com\/es\/#website"},"datePublished":"2020-07-01T05:33:36+00:00","dateModified":"2020-07-09T07:16:32+00:00","breadcrumb":{"@id":"https:\/\/otakujoy.com\/es\/frequently-asked-questions\/#breadcrumb"},"inLanguage":"es","potentialAction":[{"@type":"ReadAction","target":["https:\/\/otakujoy.com\/es\/frequently-asked-questions\/"]}]},{"@type":"BreadcrumbList","@id":"https:\/\/otakujoy.com\/es\/frequently-asked-questions\/#breadcrumb","itemListElement":[{"@type":"ListItem","position":1,"name":"Startseite","item":"https:\/\/otakujoy.com\/es\/"},{"@type":"ListItem","position":2,"name":"Preguntas m\u00e1s frecuentes"}]}]}},"_links":{"self":[{"href":"https:\/\/otakujoy.com\/es\/wp-json\/wp\/v2\/pages\/5800"}],"collection":[{"href":"https:\/\/otakujoy.com\/es\/wp-json\/wp\/v2\/pages"}],"about":[{"href":"https:\/\/otakujoy.com\/es\/wp-json\/wp\/v2\/types\/page"}],"author":[{"embeddable":true,"href":"https:\/\/otakujoy.com\/es\/wp-json\/wp\/v2\/users\/1"}],"replies":[{"embeddable":true,"href":"https:\/\/otakujoy.com\/es\/wp-json\/wp\/v2\/comments?post=5800"}],"version-history":[{"count":1,"href":"https:\/\/otakujoy.com\/es\/wp-json\/wp\/v2\/pages\/5800\/revisions"}],"predecessor-version":[{"id":5865,"href":"https:\/\/otakujoy.com\/es\/wp-json\/wp\/v2\/pages\/5800\/revisions\/5865"}],"wp:attachment":[{"href":"https:\/\/otakujoy.com\/es\/wp-json\/wp\/v2\/media?parent=5800"}],"curies":[{"name":"wp","href":"https:\/\/api.w.org\/{rel}","templated":true}]}}