{"id":5798,"date":"2020-07-01T05:33:35","date_gmt":"2020-07-01T05:33:35","guid":{"rendered":"https:\/\/otakujoy.com\/es\/terms-and-conditions\/"},"modified":"2020-07-03T10:49:40","modified_gmt":"2020-07-03T10:49:40","slug":"terms-and-conditions","status":"publish","type":"page","link":"https:\/\/otakujoy.com\/es\/terms-and-conditions\/","title":{"rendered":"T\u00e9rminos y Condiciones"},"content":{"rendered":"<p>Te brindamos servicios sujetos a las notificaciones, t\u00e9rminos y condiciones establecidos en este acuerdo. Adem\u00e1s, obedecer\u00e1s las reglas, pautas, pol\u00edticas, t\u00e9rminos y condiciones aplicables a dichos servicios antes de usarlos. Nos reservamos el derecho de cambiar este sitio y estos t\u00e9rminos y condiciones en cualquier momento.<\/p>\n<p>Antes de continuar, lee este acuerdo porque acceder, navegar o utilizar el Sitio indica que aceptas todos los t\u00e9rminos y condiciones de este acuerdo.<\/p>\n<p>No cargar\u00e1s, distribuir\u00e1s ni publicar\u00e1s a trav\u00e9s de este Sitio ning\u00fan Contenido, informaci\u00f3n u otro material que (a) incluya errores, virus, gusanos, trampillas, caballos de Troya u otro c\u00f3digo o propiedades da\u00f1inos; (b) sea difamatorio, amenazante, obsceno, indecente, pornogr\u00e1fico, discriminatorio o podr\u00eda dar lugar a cualquier responsabilidad civil o penal en virtud de las leyes de los EE.UU. o las leyes de cualquier otro pa\u00eds que puedan aplicarse; o (c) viole o infrinja los derechos de autor, patentes, marcas registradas, marcas de servicio, secretos comerciales u otros derechos de propiedad de cualquier persona. \u00a0<a href=\"https:\/\/otakujoy.com\/es\">otakujoy.com<\/a>\u00a0puede darte una identificaci\u00f3n de cuenta y una contrase\u00f1a para permitirte acceder y usar ciertas partes de este Sitio. Cada vez que utilizas una contrase\u00f1a o identificaci\u00f3n, se considera que est\u00e1s autorizado para acceder y utilizar el Sitio de manera coherente con los t\u00e9rminos y condiciones de este acuerdo, y \u00a0<a href=\"https:\/\/otakujoy.com\/es\">otakujoy.com<\/a>\u00a0no tiene la obligaci\u00f3n de investigar la fuente de dicho acceso o uso del Sitio.<\/p>\n<p>Al aceptar estos T\u00e9rminos de uso a trav\u00e9s del uso del Sitio, certificas que tienes 18 a\u00f1os de edad o m\u00e1s. Si tienes menos de 18 a\u00f1os, utiliza este sitio solo bajo la supervisi\u00f3n de un padre o tutor legal. Sujeto a los t\u00e9rminos y condiciones de este acuerdo, por la presente se otorga una licencia limitada, revocable, intransferible y no exclusiva para acceder y usar el Sitio mostr\u00e1ndolo en tu navegador de Internet solo con el prop\u00f3sito de comprar y no para uso comercial o uso en nombre de un tercero, excepto lo permitido expl\u00edcitamente por \u00a0<a href=\"https:\/\/otakujoy.com\/es\">otakujoy.com<\/a>\u00a0por adelantado. Cualquier violaci\u00f3n de este Acuerdo dar\u00e1 lugar a la revocaci\u00f3n inmediata de la licencia otorgada en este p\u00e1rrafo sin previo aviso.<\/p>\n<p>A menos que nuestra compa\u00f1\u00eda lo permita de manera expl\u00edcita por adelantado, todos los materiales, incluido: im\u00e1genes, textos, ilustraciones, dise\u00f1os, \u00edconos, fotograf\u00edas, programas, clips musicales o descargas, videoclips y materiales escritos y otros que forman parte de este Sitio (colectivamente, el \u00abContenido\u00bb) est\u00e1n destinados exclusivamente para uso personal, no comercial. No puedes hacer ning\u00fan uso comercial de ninguna de la informaci\u00f3n proporcionada en el Sitio ni hacer ning\u00fan uso del Sitio en beneficio de otra empresa. Nos reservamos el derecho de rechazar el servicio, cancelar cuentas y\/o cancelar pedidos a discreci\u00f3n, incluyendo, entre otros, si creemos que la conducta del cliente viola las leyes aplicables o es perjudicial para nuestros intereses. No puedes reproducir, distribuir, mostrar, vender, arrendar, transmitir, crear trabajos derivados de, traducir, modificar, realizar ingenier\u00eda inversa, desensamblar, descompilar o explotar de otra manera este Sitio o cualquier parte del mismo a menos que nuestra compa\u00f1\u00eda lo permita expresamente por escrito .<\/p>\n<p>Tu ser\u00e1s el \u00fanico responsable de todo acceso y uso de este sitio por parte de cualquier persona que use la contrase\u00f1a y la identificaci\u00f3n que se te asign\u00f3 originalmente, independientemente de si dicho acceso y uso de este sitio est\u00e1 realmente autorizado por ti, incluidas, entre otras, todas las comunicaciones y transmisiones y todas las obligaciones (incluidas, entre otras, las obligaciones financieras) contra\u00eddas a trav\u00e9s de dicho acceso o uso. Eres el \u00fanico responsable de proteger la seguridad y confidencialidad de la contrase\u00f1a y la identificaci\u00f3n que se te asign\u00f3. Deber\u00e1s notificar de inmediato \u00a0<a href=\"https:\/\/otakujoy.com\/es\">otakujoy.com<\/a>\u00a0de cualquier uso no autorizado de tu contrase\u00f1a o identificaci\u00f3n o cualquier otra violaci\u00f3n o amenaza de violaci\u00f3n de la seguridad de este Sitio.<\/p>\n","protected":false},"excerpt":{"rendered":"<p>Te brindamos servicios sujetos a las notificaciones, t\u00e9rminos y condiciones establecidos en este acuerdo. Adem\u00e1s, obedecer\u00e1s las reglas, pautas, pol\u00edticas, t\u00e9rminos y condiciones aplicables a dichos servicios antes de usarlos. Nos reservamos el derecho de cambiar este sitio y estos t\u00e9rminos y condiciones en cualquier momento. Antes de continuar, lee&#8230;<\/p>\n","protected":false},"author":1,"featured_media":0,"parent":0,"menu_order":0,"comment_status":"closed","ping_status":"closed","template":"","meta":[],"yoast_head":"<!-- This site is optimized with the Yoast SEO plugin v18.4.1 - https:\/\/yoast.com\/wordpress\/plugins\/seo\/ -->\n<title>T\u00e9rminos y Condiciones - Otaku Joy Espa\u00f1a<\/title>\n<meta name=\"robots\" content=\"index, follow, max-snippet:-1, max-image-preview:large, max-video-preview:-1\" \/>\n<link rel=\"canonical\" href=\"https:\/\/otakujoy.com\/es\/terms-and-conditions\/\" \/>\n<meta property=\"og:locale\" content=\"es_ES\" \/>\n<meta property=\"og:type\" content=\"article\" \/>\n<meta property=\"og:title\" content=\"T\u00e9rminos y Condiciones - Otaku Joy Espa\u00f1a\" \/>\n<meta property=\"og:description\" content=\"Te brindamos servicios sujetos a las notificaciones, t\u00e9rminos y condiciones establecidos en este acuerdo. Adem\u00e1s, obedecer\u00e1s las reglas, pautas, pol\u00edticas, t\u00e9rminos y condiciones aplicables a dichos servicios antes de usarlos. Nos reservamos el derecho de cambiar este sitio y estos t\u00e9rminos y condiciones en cualquier momento. Antes de continuar, lee...\" \/>\n<meta property=\"og:url\" content=\"https:\/\/otakujoy.com\/es\/terms-and-conditions\/\" \/>\n<meta property=\"og:site_name\" content=\"Otaku Joy Espa\u00f1a\" \/>\n<meta property=\"article:modified_time\" content=\"2020-07-03T10:49:40+00:00\" \/>\n<meta name=\"twitter:card\" content=\"summary_large_image\" \/>\n<meta name=\"twitter:label1\" content=\"Tiempo de lectura\" \/>\n\t<meta name=\"twitter:data1\" content=\"3 minutos\" \/>\n<script type=\"application\/ld+json\" class=\"yoast-schema-graph\">{\"@context\":\"https:\/\/schema.org\",\"@graph\":[{\"@type\":\"WebSite\",\"@id\":\"https:\/\/otakujoy.com\/es\/#website\",\"url\":\"https:\/\/otakujoy.com\/es\/\",\"name\":\"Otaku Joy Espa\u00f1a\",\"description\":\"\",\"potentialAction\":[{\"@type\":\"SearchAction\",\"target\":{\"@type\":\"EntryPoint\",\"urlTemplate\":\"https:\/\/otakujoy.com\/es\/?s={search_term_string}\"},\"query-input\":\"required name=search_term_string\"}],\"inLanguage\":\"es\"},{\"@type\":\"WebPage\",\"@id\":\"https:\/\/otakujoy.com\/es\/terms-and-conditions\/#webpage\",\"url\":\"https:\/\/otakujoy.com\/es\/terms-and-conditions\/\",\"name\":\"T\u00e9rminos y Condiciones - Otaku Joy Espa\u00f1a\",\"isPartOf\":{\"@id\":\"https:\/\/otakujoy.com\/es\/#website\"},\"datePublished\":\"2020-07-01T05:33:35+00:00\",\"dateModified\":\"2020-07-03T10:49:40+00:00\",\"breadcrumb\":{\"@id\":\"https:\/\/otakujoy.com\/es\/terms-and-conditions\/#breadcrumb\"},\"inLanguage\":\"es\",\"potentialAction\":[{\"@type\":\"ReadAction\",\"target\":[\"https:\/\/otakujoy.com\/es\/terms-and-conditions\/\"]}]},{\"@type\":\"BreadcrumbList\",\"@id\":\"https:\/\/otakujoy.com\/es\/terms-and-conditions\/#breadcrumb\",\"itemListElement\":[{\"@type\":\"ListItem\",\"position\":1,\"name\":\"Startseite\",\"item\":\"https:\/\/otakujoy.com\/es\/\"},{\"@type\":\"ListItem\",\"position\":2,\"name\":\"T\u00e9rminos y Condiciones\"}]}]}<\/script>\n<!-- \/ Yoast SEO plugin. -->","yoast_head_json":{"title":"T\u00e9rminos y Condiciones - Otaku Joy Espa\u00f1a","robots":{"index":"index","follow":"follow","max-snippet":"max-snippet:-1","max-image-preview":"max-image-preview:large","max-video-preview":"max-video-preview:-1"},"canonical":"https:\/\/otakujoy.com\/es\/terms-and-conditions\/","og_locale":"es_ES","og_type":"article","og_title":"T\u00e9rminos y Condiciones - Otaku Joy Espa\u00f1a","og_description":"Te brindamos servicios sujetos a las notificaciones, t\u00e9rminos y condiciones establecidos en este acuerdo. Adem\u00e1s, obedecer\u00e1s las reglas, pautas, pol\u00edticas, t\u00e9rminos y condiciones aplicables a dichos servicios antes de usarlos. Nos reservamos el derecho de cambiar este sitio y estos t\u00e9rminos y condiciones en cualquier momento. Antes de continuar, lee...","og_url":"https:\/\/otakujoy.com\/es\/terms-and-conditions\/","og_site_name":"Otaku Joy Espa\u00f1a","article_modified_time":"2020-07-03T10:49:40+00:00","twitter_card":"summary_large_image","twitter_misc":{"Tiempo de lectura":"3 minutos"},"schema":{"@context":"https:\/\/schema.org","@graph":[{"@type":"WebSite","@id":"https:\/\/otakujoy.com\/es\/#website","url":"https:\/\/otakujoy.com\/es\/","name":"Otaku Joy Espa\u00f1a","description":"","potentialAction":[{"@type":"SearchAction","target":{"@type":"EntryPoint","urlTemplate":"https:\/\/otakujoy.com\/es\/?s={search_term_string}"},"query-input":"required name=search_term_string"}],"inLanguage":"es"},{"@type":"WebPage","@id":"https:\/\/otakujoy.com\/es\/terms-and-conditions\/#webpage","url":"https:\/\/otakujoy.com\/es\/terms-and-conditions\/","name":"T\u00e9rminos y Condiciones - Otaku Joy Espa\u00f1a","isPartOf":{"@id":"https:\/\/otakujoy.com\/es\/#website"},"datePublished":"2020-07-01T05:33:35+00:00","dateModified":"2020-07-03T10:49:40+00:00","breadcrumb":{"@id":"https:\/\/otakujoy.com\/es\/terms-and-conditions\/#breadcrumb"},"inLanguage":"es","potentialAction":[{"@type":"ReadAction","target":["https:\/\/otakujoy.com\/es\/terms-and-conditions\/"]}]},{"@type":"BreadcrumbList","@id":"https:\/\/otakujoy.com\/es\/terms-and-conditions\/#breadcrumb","itemListElement":[{"@type":"ListItem","position":1,"name":"Startseite","item":"https:\/\/otakujoy.com\/es\/"},{"@type":"ListItem","position":2,"name":"T\u00e9rminos y Condiciones"}]}]}},"_links":{"self":[{"href":"https:\/\/otakujoy.com\/es\/wp-json\/wp\/v2\/pages\/5798"}],"collection":[{"href":"https:\/\/otakujoy.com\/es\/wp-json\/wp\/v2\/pages"}],"about":[{"href":"https:\/\/otakujoy.com\/es\/wp-json\/wp\/v2\/types\/page"}],"author":[{"embeddable":true,"href":"https:\/\/otakujoy.com\/es\/wp-json\/wp\/v2\/users\/1"}],"replies":[{"embeddable":true,"href":"https:\/\/otakujoy.com\/es\/wp-json\/wp\/v2\/comments?post=5798"}],"version-history":[{"count":2,"href":"https:\/\/otakujoy.com\/es\/wp-json\/wp\/v2\/pages\/5798\/revisions"}],"predecessor-version":[{"id":5863,"href":"https:\/\/otakujoy.com\/es\/wp-json\/wp\/v2\/pages\/5798\/revisions\/5863"}],"wp:attachment":[{"href":"https:\/\/otakujoy.com\/es\/wp-json\/wp\/v2\/media?parent=5798"}],"curies":[{"name":"wp","href":"https:\/\/api.w.org\/{rel}","templated":true}]}}