{"id":5797,"date":"2020-07-01T05:33:35","date_gmt":"2020-07-01T05:33:35","guid":{"rendered":"https:\/\/otakujoy.com\/es\/privacy-policy\/"},"modified":"2020-09-03T11:23:37","modified_gmt":"2020-09-03T11:23:37","slug":"privacy-policy","status":"publish","type":"page","link":"https:\/\/otakujoy.com\/es\/privacy-policy\/","title":{"rendered":"Pol\u00edtica de privacidad"},"content":{"rendered":"<p>Este sitio web cumple con el Reglamento General de Protecci\u00f3n de Datos (GDPR) (UE) 2016\/679.<\/p>\n<p>Significa que somos abiertos sobre nuestros m\u00e9todos de seguimiento y uso de los datos personales de los visitantes, y usted puede verificar libremente qu\u00e9 es exactamente lo que estamos haciendo.<\/p>\n<p>A otakujoy.com, nosotros coleccionamos:<\/p>\n<ul>\n<li>Su nombre y apellido<\/li>\n<li>Su correo electr\u00f3nico<\/li>\n<li>Su direcci\u00f3n f\u00edsica<\/li>\n<li>Su n\u00famero de tel\u00e9fono<\/li>\n<li>Los datos sobre el navegador y el dispositivo que usa para ver la tienda<\/li>\n<li>La forma en que navegas por la tienda<\/li>\n<\/ul>\n<p>Recopilamos sus datos de contacto porque son necesarios para aceptar y procesar sus pedidos, y para asegurarnos de que tenga sus paquetes.<\/p>\n<p>Recopilamos los detalles de su equipo t\u00e9cnico y el comportamiento en el sitio para que nuestra tienda sea m\u00e1s f\u00e1cil de usar y para personalizar nuestros servicios de la tienda para usted (por ejemplo, para cambiar autom\u00e1ticamente la tienda a la versi\u00f3n m\u00f3vil).<\/p>\n<p>Nuestra tienda trabaja con compa\u00f1\u00edas externas que nos ayudan a brindarle el mejor servicio, y estos terceros tambi\u00e9n usan algunos de los datos personales que usted deja. Limitamos los datos a los que pueden acceder solo a lo necesario para que cumplan con sus obligaciones.<\/p>\n<ul>\n<li>Los servicios de pago utilizan su n\u00famero de tarjeta de cr\u00e9dito, su nombre y apellido para verificar y procesar sus pagos de nuestros productos<\/li>\n<li>Nuestros fabricantes y almacenistas utilizan los datos del contenido de su pedido para armar el paquete necesario para usted<\/li>\n<li>Los servicios postales usan su nombre, apellido y direcci\u00f3n f\u00edsica para organizar la entrega del producto a usted<\/li>\n<li>Los servicios de correo masivo usan su direcci\u00f3n de correo electr\u00f3nico para enviarle correos (si se ha suscrito a ellos)<\/li>\n<\/ul>\n<p>Si sigue navegando en nuestra tienda web despu\u00e9s de leer esta Pol\u00edtica de privacidad, nos da su consentimiento para usar sus datos personales para los fines explicados anteriormente.<\/p>\n<p>Si no est\u00e1 de acuerdo con estos t\u00e9rminos, abandone el sitio web.<\/p>\n<p>Puede enviarnos un correo electr\u00f3nico a support@otakujoy.com y preguntar:<\/p>\n<ul>\n<li>Para recibir la copia de sus datos personales que hemos recopilado<\/li>\n<li>Para eliminar sus datos personales de nuestro sistema<\/li>\n<li>Para retirar su consentimiento (si previamente acord\u00f3 proporcionarnos los datos, pero luego cambi\u00f3 de opini\u00f3n)<\/li>\n<\/ul>\n<p>Estamos haciendo todo lo posible para garantizar la seguridad de sus datos personales mientras los guardamos y usamos.<\/p>\n<p>\u00a1Gracias por su cooperaci\u00f3n!<\/p>\n","protected":false},"excerpt":{"rendered":"<p>Este sitio web cumple con el Reglamento General de Protecci\u00f3n de Datos (GDPR) (UE) 2016\/679. Significa que somos abiertos sobre nuestros m\u00e9todos de seguimiento y uso de los datos personales de los visitantes, y usted puede verificar libremente qu\u00e9 es exactamente lo que estamos haciendo. A otakujoy.com, nosotros coleccionamos: Su&#8230;<\/p>\n","protected":false},"author":1,"featured_media":0,"parent":0,"menu_order":0,"comment_status":"closed","ping_status":"closed","template":"","meta":[],"yoast_head":"<!-- This site is optimized with the Yoast SEO plugin v18.4.1 - https:\/\/yoast.com\/wordpress\/plugins\/seo\/ -->\n<title>Pol\u00edtica de privacidad - Otaku Joy Espa\u00f1a<\/title>\n<meta name=\"robots\" content=\"index, follow, max-snippet:-1, max-image-preview:large, max-video-preview:-1\" \/>\n<link rel=\"canonical\" href=\"https:\/\/otakujoy.com\/es\/privacy-policy\/\" \/>\n<meta property=\"og:locale\" content=\"es_ES\" \/>\n<meta property=\"og:type\" content=\"article\" \/>\n<meta property=\"og:title\" content=\"Pol\u00edtica de privacidad - Otaku Joy Espa\u00f1a\" \/>\n<meta property=\"og:description\" content=\"Este sitio web cumple con el Reglamento General de Protecci\u00f3n de Datos (GDPR) (UE) 2016\/679. Significa que somos abiertos sobre nuestros m\u00e9todos de seguimiento y uso de los datos personales de los visitantes, y usted puede verificar libremente qu\u00e9 es exactamente lo que estamos haciendo. A otakujoy.com, nosotros coleccionamos: Su...\" \/>\n<meta property=\"og:url\" content=\"https:\/\/otakujoy.com\/es\/privacy-policy\/\" \/>\n<meta property=\"og:site_name\" content=\"Otaku Joy Espa\u00f1a\" \/>\n<meta property=\"article:modified_time\" content=\"2020-09-03T11:23:37+00:00\" \/>\n<meta name=\"twitter:card\" content=\"summary_large_image\" \/>\n<meta name=\"twitter:label1\" content=\"Tiempo de lectura\" \/>\n\t<meta name=\"twitter:data1\" content=\"2 minutos\" \/>\n<script type=\"application\/ld+json\" class=\"yoast-schema-graph\">{\"@context\":\"https:\/\/schema.org\",\"@graph\":[{\"@type\":\"WebSite\",\"@id\":\"https:\/\/otakujoy.com\/es\/#website\",\"url\":\"https:\/\/otakujoy.com\/es\/\",\"name\":\"Otaku Joy Espa\u00f1a\",\"description\":\"\",\"potentialAction\":[{\"@type\":\"SearchAction\",\"target\":{\"@type\":\"EntryPoint\",\"urlTemplate\":\"https:\/\/otakujoy.com\/es\/?s={search_term_string}\"},\"query-input\":\"required name=search_term_string\"}],\"inLanguage\":\"es\"},{\"@type\":\"WebPage\",\"@id\":\"https:\/\/otakujoy.com\/es\/privacy-policy\/#webpage\",\"url\":\"https:\/\/otakujoy.com\/es\/privacy-policy\/\",\"name\":\"Pol\u00edtica de privacidad - Otaku Joy Espa\u00f1a\",\"isPartOf\":{\"@id\":\"https:\/\/otakujoy.com\/es\/#website\"},\"datePublished\":\"2020-07-01T05:33:35+00:00\",\"dateModified\":\"2020-09-03T11:23:37+00:00\",\"breadcrumb\":{\"@id\":\"https:\/\/otakujoy.com\/es\/privacy-policy\/#breadcrumb\"},\"inLanguage\":\"es\",\"potentialAction\":[{\"@type\":\"ReadAction\",\"target\":[\"https:\/\/otakujoy.com\/es\/privacy-policy\/\"]}]},{\"@type\":\"BreadcrumbList\",\"@id\":\"https:\/\/otakujoy.com\/es\/privacy-policy\/#breadcrumb\",\"itemListElement\":[{\"@type\":\"ListItem\",\"position\":1,\"name\":\"Startseite\",\"item\":\"https:\/\/otakujoy.com\/es\/\"},{\"@type\":\"ListItem\",\"position\":2,\"name\":\"Pol\u00edtica de privacidad\"}]}]}<\/script>\n<!-- \/ Yoast SEO plugin. -->","yoast_head_json":{"title":"Pol\u00edtica de privacidad - Otaku Joy Espa\u00f1a","robots":{"index":"index","follow":"follow","max-snippet":"max-snippet:-1","max-image-preview":"max-image-preview:large","max-video-preview":"max-video-preview:-1"},"canonical":"https:\/\/otakujoy.com\/es\/privacy-policy\/","og_locale":"es_ES","og_type":"article","og_title":"Pol\u00edtica de privacidad - Otaku Joy Espa\u00f1a","og_description":"Este sitio web cumple con el Reglamento General de Protecci\u00f3n de Datos (GDPR) (UE) 2016\/679. Significa que somos abiertos sobre nuestros m\u00e9todos de seguimiento y uso de los datos personales de los visitantes, y usted puede verificar libremente qu\u00e9 es exactamente lo que estamos haciendo. A otakujoy.com, nosotros coleccionamos: Su...","og_url":"https:\/\/otakujoy.com\/es\/privacy-policy\/","og_site_name":"Otaku Joy Espa\u00f1a","article_modified_time":"2020-09-03T11:23:37+00:00","twitter_card":"summary_large_image","twitter_misc":{"Tiempo de lectura":"2 minutos"},"schema":{"@context":"https:\/\/schema.org","@graph":[{"@type":"WebSite","@id":"https:\/\/otakujoy.com\/es\/#website","url":"https:\/\/otakujoy.com\/es\/","name":"Otaku Joy Espa\u00f1a","description":"","potentialAction":[{"@type":"SearchAction","target":{"@type":"EntryPoint","urlTemplate":"https:\/\/otakujoy.com\/es\/?s={search_term_string}"},"query-input":"required name=search_term_string"}],"inLanguage":"es"},{"@type":"WebPage","@id":"https:\/\/otakujoy.com\/es\/privacy-policy\/#webpage","url":"https:\/\/otakujoy.com\/es\/privacy-policy\/","name":"Pol\u00edtica de privacidad - Otaku Joy Espa\u00f1a","isPartOf":{"@id":"https:\/\/otakujoy.com\/es\/#website"},"datePublished":"2020-07-01T05:33:35+00:00","dateModified":"2020-09-03T11:23:37+00:00","breadcrumb":{"@id":"https:\/\/otakujoy.com\/es\/privacy-policy\/#breadcrumb"},"inLanguage":"es","potentialAction":[{"@type":"ReadAction","target":["https:\/\/otakujoy.com\/es\/privacy-policy\/"]}]},{"@type":"BreadcrumbList","@id":"https:\/\/otakujoy.com\/es\/privacy-policy\/#breadcrumb","itemListElement":[{"@type":"ListItem","position":1,"name":"Startseite","item":"https:\/\/otakujoy.com\/es\/"},{"@type":"ListItem","position":2,"name":"Pol\u00edtica de privacidad"}]}]}},"_links":{"self":[{"href":"https:\/\/otakujoy.com\/es\/wp-json\/wp\/v2\/pages\/5797"}],"collection":[{"href":"https:\/\/otakujoy.com\/es\/wp-json\/wp\/v2\/pages"}],"about":[{"href":"https:\/\/otakujoy.com\/es\/wp-json\/wp\/v2\/types\/page"}],"author":[{"embeddable":true,"href":"https:\/\/otakujoy.com\/es\/wp-json\/wp\/v2\/users\/1"}],"replies":[{"embeddable":true,"href":"https:\/\/otakujoy.com\/es\/wp-json\/wp\/v2\/comments?post=5797"}],"version-history":[{"count":2,"href":"https:\/\/otakujoy.com\/es\/wp-json\/wp\/v2\/pages\/5797\/revisions"}],"predecessor-version":[{"id":5902,"href":"https:\/\/otakujoy.com\/es\/wp-json\/wp\/v2\/pages\/5797\/revisions\/5902"}],"wp:attachment":[{"href":"https:\/\/otakujoy.com\/es\/wp-json\/wp\/v2\/media?parent=5797"}],"curies":[{"name":"wp","href":"https:\/\/api.w.org\/{rel}","templated":true}]}}