{"id":5793,"date":"2020-07-01T05:33:34","date_gmt":"2020-07-01T05:33:34","guid":{"rendered":"https:\/\/otakujoy.com\/es\/payment-methods\/"},"modified":"2020-07-01T05:33:34","modified_gmt":"2020-07-01T05:33:34","slug":"payment-methods","status":"publish","type":"page","link":"https:\/\/otakujoy.com\/es\/payment-methods\/","title":{"rendered":"M\u00e9todos de pago"},"content":{"rendered":"<p>Los m\u00e9todos de pago incluyen PayPal y tarjetas de cr\u00e9dito.<\/p>\n<p>PayPal es una forma m\u00e1s segura y f\u00e1cil de enviar y recibir dinero en l\u00ednea. Cuando seleccione PayPal como m\u00e9todo de pago, se lo vincular\u00e1 al sitio de PayPal donde puede realizar el pago.<\/p>\n<p>PayPal se puede usar para comprar art\u00edculos con tarjeta de cr\u00e9dito (Visa, MasterCard, Discover y American Express), tarjeta de d\u00e9bito o cheque electr\u00f3nico (es decir, usando su cuenta bancaria habitual).<\/p>\n<p>1) Despu\u00e9s de ver sus art\u00edculos en la p\u00e1gina de su carrito de compras, puede hacer clic y pagar con PayPal. Luego abandonar\u00e1 nuestro sitio e ingresar\u00e1 al sitio web de PayPal.<br \/>\n\t2) Puede iniciar sesi\u00f3n en su cuenta Paypal o puede crear una nueva si no tiene una.<br \/>\n\t3) Puede usar Paypal como desee de acuerdo con las instrucciones en pantalla.<\/p>\n<p>Por lo general, el cheque electr\u00f3nico de Paypal demorar\u00e1 entre 3 y 5  d\u00edas h\u00e1biles para ser confirmado por PayPal.<\/p>\n<p>Las razones por las que sugerimos que use Paypal:<br \/>\n\tEl pago es rastreable. Al usar su cuenta Paypal, puede rastrear el estado de su pago.<br \/>\n\tCuando realiza el pago de su pedido, no necesita usar su tarjeta de cr\u00e9dito en l\u00ednea (puede transferir directamente desde su cuenta bancaria). Cuando use su tarjeta de cr\u00e9dito a trav\u00e9s de PayPal, nadie ver\u00e1 su n\u00famero de tarjeta de cr\u00e9dito, lo que minimizar\u00e1 el riesgo de uso no autorizado.<\/p>\n<p>La tienda tambi\u00e9n puede aceptar tarjetas de cr\u00e9dito para el pago.    Con el fin de aceptar pagos con tarjetas de cr\u00e9dito, la tienda cumple con los est\u00e1ndares  de seguridad de la industria establecidos por la mayor\u00eda de las empresas de tarjetas de cr\u00e9dito (American Express, Discover, JCB, MasterCard, and Visa) para proteger los compradores del robo de informaci\u00f3n de los titulares de tarjetas.<\/p>\n<p>Toda la informaci\u00f3n de tarjeta de cr\u00e9dito se mantiene al m\u00ednimo. El almacenamiento y retenci\u00f3n de cualquiera informaci\u00f3n de tarjeta de cr\u00e9dito est\u00e1 limitado a lo \u00fanico que se requiere para operaciones empresariales.    El acceso a la informaci\u00f3n de tarjeta de cr\u00e9dito est\u00e1 estrictamente limitado a los empleados que est\u00e1n autorizados y capacitados para usarla para fines empresariales.<\/p>\n","protected":false},"excerpt":{"rendered":"<p>Los m\u00e9todos de pago incluyen PayPal y tarjetas de cr\u00e9dito. PayPal es una forma m\u00e1s segura y f\u00e1cil de enviar y recibir dinero en l\u00ednea. Cuando seleccione PayPal como m\u00e9todo de pago, se lo vincular\u00e1 al sitio de PayPal donde puede realizar el pago. PayPal se puede usar para comprar&#8230;<\/p>\n","protected":false},"author":1,"featured_media":0,"parent":0,"menu_order":0,"comment_status":"closed","ping_status":"closed","template":"","meta":[],"yoast_head":"<!-- This site is optimized with the Yoast SEO plugin v18.4.1 - https:\/\/yoast.com\/wordpress\/plugins\/seo\/ -->\n<title>M\u00e9todos de pago - Otaku Joy Espa\u00f1a<\/title>\n<meta name=\"robots\" content=\"index, follow, max-snippet:-1, max-image-preview:large, max-video-preview:-1\" \/>\n<link rel=\"canonical\" href=\"https:\/\/otakujoy.com\/es\/payment-methods\/\" \/>\n<meta property=\"og:locale\" content=\"es_ES\" \/>\n<meta property=\"og:type\" content=\"article\" \/>\n<meta property=\"og:title\" content=\"M\u00e9todos de pago - Otaku Joy Espa\u00f1a\" \/>\n<meta property=\"og:description\" content=\"Los m\u00e9todos de pago incluyen PayPal y tarjetas de cr\u00e9dito. PayPal es una forma m\u00e1s segura y f\u00e1cil de enviar y recibir dinero en l\u00ednea. Cuando seleccione PayPal como m\u00e9todo de pago, se lo vincular\u00e1 al sitio de PayPal donde puede realizar el pago. PayPal se puede usar para comprar...\" \/>\n<meta property=\"og:url\" content=\"https:\/\/otakujoy.com\/es\/payment-methods\/\" \/>\n<meta property=\"og:site_name\" content=\"Otaku Joy Espa\u00f1a\" \/>\n<meta name=\"twitter:card\" content=\"summary_large_image\" \/>\n<meta name=\"twitter:label1\" content=\"Tiempo de lectura\" \/>\n\t<meta name=\"twitter:data1\" content=\"2 minutos\" \/>\n<script type=\"application\/ld+json\" class=\"yoast-schema-graph\">{\"@context\":\"https:\/\/schema.org\",\"@graph\":[{\"@type\":\"WebSite\",\"@id\":\"https:\/\/otakujoy.com\/es\/#website\",\"url\":\"https:\/\/otakujoy.com\/es\/\",\"name\":\"Otaku Joy Espa\u00f1a\",\"description\":\"\",\"potentialAction\":[{\"@type\":\"SearchAction\",\"target\":{\"@type\":\"EntryPoint\",\"urlTemplate\":\"https:\/\/otakujoy.com\/es\/?s={search_term_string}\"},\"query-input\":\"required name=search_term_string\"}],\"inLanguage\":\"es\"},{\"@type\":\"WebPage\",\"@id\":\"https:\/\/otakujoy.com\/es\/payment-methods\/#webpage\",\"url\":\"https:\/\/otakujoy.com\/es\/payment-methods\/\",\"name\":\"M\u00e9todos de pago - Otaku Joy Espa\u00f1a\",\"isPartOf\":{\"@id\":\"https:\/\/otakujoy.com\/es\/#website\"},\"datePublished\":\"2020-07-01T05:33:34+00:00\",\"dateModified\":\"2020-07-01T05:33:34+00:00\",\"breadcrumb\":{\"@id\":\"https:\/\/otakujoy.com\/es\/payment-methods\/#breadcrumb\"},\"inLanguage\":\"es\",\"potentialAction\":[{\"@type\":\"ReadAction\",\"target\":[\"https:\/\/otakujoy.com\/es\/payment-methods\/\"]}]},{\"@type\":\"BreadcrumbList\",\"@id\":\"https:\/\/otakujoy.com\/es\/payment-methods\/#breadcrumb\",\"itemListElement\":[{\"@type\":\"ListItem\",\"position\":1,\"name\":\"Startseite\",\"item\":\"https:\/\/otakujoy.com\/es\/\"},{\"@type\":\"ListItem\",\"position\":2,\"name\":\"M\u00e9todos de pago\"}]}]}<\/script>\n<!-- \/ Yoast SEO plugin. -->","yoast_head_json":{"title":"M\u00e9todos de pago - Otaku Joy Espa\u00f1a","robots":{"index":"index","follow":"follow","max-snippet":"max-snippet:-1","max-image-preview":"max-image-preview:large","max-video-preview":"max-video-preview:-1"},"canonical":"https:\/\/otakujoy.com\/es\/payment-methods\/","og_locale":"es_ES","og_type":"article","og_title":"M\u00e9todos de pago - Otaku Joy Espa\u00f1a","og_description":"Los m\u00e9todos de pago incluyen PayPal y tarjetas de cr\u00e9dito. PayPal es una forma m\u00e1s segura y f\u00e1cil de enviar y recibir dinero en l\u00ednea. Cuando seleccione PayPal como m\u00e9todo de pago, se lo vincular\u00e1 al sitio de PayPal donde puede realizar el pago. PayPal se puede usar para comprar...","og_url":"https:\/\/otakujoy.com\/es\/payment-methods\/","og_site_name":"Otaku Joy Espa\u00f1a","twitter_card":"summary_large_image","twitter_misc":{"Tiempo de lectura":"2 minutos"},"schema":{"@context":"https:\/\/schema.org","@graph":[{"@type":"WebSite","@id":"https:\/\/otakujoy.com\/es\/#website","url":"https:\/\/otakujoy.com\/es\/","name":"Otaku Joy Espa\u00f1a","description":"","potentialAction":[{"@type":"SearchAction","target":{"@type":"EntryPoint","urlTemplate":"https:\/\/otakujoy.com\/es\/?s={search_term_string}"},"query-input":"required name=search_term_string"}],"inLanguage":"es"},{"@type":"WebPage","@id":"https:\/\/otakujoy.com\/es\/payment-methods\/#webpage","url":"https:\/\/otakujoy.com\/es\/payment-methods\/","name":"M\u00e9todos de pago - Otaku Joy Espa\u00f1a","isPartOf":{"@id":"https:\/\/otakujoy.com\/es\/#website"},"datePublished":"2020-07-01T05:33:34+00:00","dateModified":"2020-07-01T05:33:34+00:00","breadcrumb":{"@id":"https:\/\/otakujoy.com\/es\/payment-methods\/#breadcrumb"},"inLanguage":"es","potentialAction":[{"@type":"ReadAction","target":["https:\/\/otakujoy.com\/es\/payment-methods\/"]}]},{"@type":"BreadcrumbList","@id":"https:\/\/otakujoy.com\/es\/payment-methods\/#breadcrumb","itemListElement":[{"@type":"ListItem","position":1,"name":"Startseite","item":"https:\/\/otakujoy.com\/es\/"},{"@type":"ListItem","position":2,"name":"M\u00e9todos de pago"}]}]}},"_links":{"self":[{"href":"https:\/\/otakujoy.com\/es\/wp-json\/wp\/v2\/pages\/5793"}],"collection":[{"href":"https:\/\/otakujoy.com\/es\/wp-json\/wp\/v2\/pages"}],"about":[{"href":"https:\/\/otakujoy.com\/es\/wp-json\/wp\/v2\/types\/page"}],"author":[{"embeddable":true,"href":"https:\/\/otakujoy.com\/es\/wp-json\/wp\/v2\/users\/1"}],"replies":[{"embeddable":true,"href":"https:\/\/otakujoy.com\/es\/wp-json\/wp\/v2\/comments?post=5793"}],"version-history":[{"count":0,"href":"https:\/\/otakujoy.com\/es\/wp-json\/wp\/v2\/pages\/5793\/revisions"}],"wp:attachment":[{"href":"https:\/\/otakujoy.com\/es\/wp-json\/wp\/v2\/media?parent=5793"}],"curies":[{"name":"wp","href":"https:\/\/api.w.org\/{rel}","templated":true}]}}